{"id":2,"date":"2014-08-18T14:20:28","date_gmt":"2014-08-18T14:20:28","guid":{"rendered":"http:\/\/www.marianactm.cz\/?page_id=2"},"modified":"2015-07-01T11:57:07","modified_gmt":"2015-07-01T09:57:07","slug":"sample-page","status":"publish","type":"page","link":"http:\/\/www.marianactm.cz\/","title":{"rendered":"Poradenstv\u00ed"},"content":{"rendered":"<p><strong>Hlavn\u00ed \u010dinnosti v oblasti poradenstv\u00ed:<\/strong><\/p>\n<ul>\n<li>Diagnostika a terapie<\/li>\n<li>P\u0159\u00edrodn\u00ed produkty<\/li>\n<li>Medicin\u00e1ln\u00ed houby<\/li>\n<li>Akupunktura Su Jok<\/li>\n<li>Energetick\u00e1 konstituce<\/li>\n<li>Moxov\u00e1n\u00ed<\/li>\n<li>Bylinn\u00e9 sm\u011bsi wan<\/li>\n<li>Dietetika dle T\u010cM<\/li>\n<li>Zdrav\u00e9 hubnut\u00ed<\/li>\n<li>T\u011blov\u00e9 sv\u00edce<\/li>\n<li>L\u00e9\u010debn\u00e9 p\u0159\u00edstroje<\/li>\n<\/ul>\n","protected":false},"excerpt":{"rendered":"<p>Hlavn\u00ed \u010dinnosti v oblasti poradenstv\u00ed: Diagnostika a terapie P\u0159\u00edrodn\u00ed produkty Medicin\u00e1ln\u00ed houby Akupunktura Su Jok Energetick\u00e1 konstituce Moxov\u00e1n\u00ed Bylinn\u00e9 sm\u011bsi wan Dietetika dle T\u010cM Zdrav\u00e9 hubnut\u00ed T\u011blov\u00e9 sv\u00edce L\u00e9\u010debn\u00e9 p\u0159\u00edstroje<\/p>\n","protected":false},"author":1,"featured_media":0,"parent":0,"menu_order":0,"comment_status":"closed","ping_status":"closed","template":"","meta":{"footnotes":""},"class_list":["post-2","page","type-page","status-publish","hentry"],"_links":{"self":[{"href":"http:\/\/www.marianactm.cz\/index.php?rest_route=\/wp\/v2\/pages\/2","targetHints":{"allow":["GET"]}}],"collection":[{"href":"http:\/\/www.marianactm.cz\/index.php?rest_route=\/wp\/v2\/pages"}],"about":[{"href":"http:\/\/www.marianactm.cz\/index.php?rest_route=\/wp\/v2\/types\/page"}],"author":[{"embeddable":true,"href":"http:\/\/www.marianactm.cz\/index.php?rest_route=\/wp\/v2\/users\/1"}],"replies":[{"embeddable":true,"href":"http:\/\/www.marianactm.cz\/index.php?rest_route=%2Fwp%2Fv2%2Fcomments&post=2"}],"version-history":[{"count":5,"href":"http:\/\/www.marianactm.cz\/index.php?rest_route=\/wp\/v2\/pages\/2\/revisions"}],"predecessor-version":[{"id":41,"href":"http:\/\/www.marianactm.cz\/index.php?rest_route=\/wp\/v2\/pages\/2\/revisions\/41"}],"wp:attachment":[{"href":"http:\/\/www.marianactm.cz\/index.php?rest_route=%2Fwp%2Fv2%2Fmedia&parent=2"}],"curies":[{"name":"wp","href":"https:\/\/api.w.org\/{rel}","templated":true}]}}