{"id":12,"date":"2014-08-18T20:25:27","date_gmt":"2014-08-18T18:25:27","guid":{"rendered":"http:\/\/www.marianactm.cz\/?page_id=12"},"modified":"2022-12-12T17:30:39","modified_gmt":"2022-12-12T15:30:39","slug":"kontakt","status":"publish","type":"page","link":"http:\/\/www.marianactm.cz\/?page_id=12","title":{"rendered":"Kontakt"},"content":{"rendered":"<p style=\"color: #505050;\"><b>Mariana Ro\u0161kaninov\u00e1<br \/>\n<\/b>Hausensk\u00e1 835, 561 51 Letohrad<\/p>\n<table style=\"color: #505050;\" border=\"0\" cellspacing=\"0\" cellpadding=\"0\">\n<tbody>\n<tr>\n<td width=\"180\">Telefon &#8211; provozovna:<\/td>\n<td>+420 <b>460 990 333<\/b><\/td>\n<\/tr>\n<tr>\n<td width=\"180\">Mobil:<\/td>\n<td>+420\u00a0<b>732 647 807<\/b><\/td>\n<\/tr>\n<tr>\n<td width=\"180\">Email:<\/td>\n<td>mariros(zavinac)seznam.cz<\/td>\n<\/tr>\n<tr>\n<td width=\"180\">Web:<\/td>\n<td><a style=\"font-weight: bold;\" href=\"http:\/\/www.marianactm.cz\/\">http:\/\/www.marianactm.cz<\/a><\/td>\n<\/tr>\n<tr>\n<td width=\"180\">I\u010cO:<\/td>\n<td>74712730<\/td>\n<\/tr>\n<\/tbody>\n<\/table>\n<p><strong>Tradi\u010dn\u00ed \u010d\u00ednsk\u00e1 medic\u00edna &#8211; adresa provozovny<br \/>\n<\/strong><\/p>\n<p style=\"color: #505050;\">Tyr\u0161ova 935, 561 51 Letohrad (\u017elut\u00e1 dr\u00e1\u017en\u00ed budova vedle n\u00e1dra\u017e\u00ed \u010cD)<\/p>\n<p style=\"color: #505050;\"><strong>Provozn\u00ed hodiny:<\/strong><\/p>\n<table style=\"color: #505050;\" border=\"0\" cellspacing=\"0\" cellpadding=\"0\">\n<tbody>\n<tr>\n<td><b>Po<\/b><\/td>\n<td>&#8211; po telefonick\u00e9 domluv\u011b<\/td>\n<\/tr>\n<tr>\n<td><b>\u00dat<\/b><\/td>\n<td>&#8211; po telefonick\u00e9 domluv\u011b<\/td>\n<\/tr>\n<tr>\n<td><b>St<\/b><\/td>\n<td>&#8211;\u00a0<strong>9:00<\/strong>h a\u017e\u00a0<strong>11:00<\/strong>h a\u00a0<strong>13:00<\/strong>h a\u017e\u00a0<strong>17:00<\/strong>h<\/td>\n<\/tr>\n<tr>\n<td><b>\u010ct<\/b><\/td>\n<td>&#8211; po telefonick\u00e9 domluv\u011b<\/td>\n<\/tr>\n<tr>\n<td><b>P\u00e1<\/b><\/td>\n<td>&#8211; po telefonick\u00e9 domluv\u011b<\/td>\n<\/tr>\n<\/tbody>\n<\/table>\n<p><strong>\u00a0<\/strong><\/p>\n","protected":false},"excerpt":{"rendered":"<p>Mariana Ro\u0161kaninov\u00e1 Hausensk\u00e1 835, 561 51 Letohrad Telefon &#8211; provozovna: +420 460 990 333 Mobil: +420\u00a0732 647 807 Email: mariros(zavinac)seznam.cz Web: http:\/\/www.marianactm.cz I\u010cO: 74712730 Tradi\u010dn\u00ed \u010d\u00ednsk\u00e1 medic\u00edna &#8211; adresa provozovny Tyr\u0161ova 935, 561 51 Letohrad (\u017elut\u00e1 dr\u00e1\u017en\u00ed budova vedle n\u00e1dra\u017e\u00ed \u010cD) Provozn\u00ed hodiny: Po &#8211; po telefonick\u00e9 domluv\u011b \u00dat &#8211; po telefonick\u00e9 domluv\u011b St &#8211;\u00a09:00h<\/p>\n","protected":false},"author":1,"featured_media":0,"parent":0,"menu_order":0,"comment_status":"closed","ping_status":"closed","template":"","meta":{"footnotes":""},"class_list":["post-12","page","type-page","status-publish","hentry"],"_links":{"self":[{"href":"http:\/\/www.marianactm.cz\/index.php?rest_route=\/wp\/v2\/pages\/12","targetHints":{"allow":["GET"]}}],"collection":[{"href":"http:\/\/www.marianactm.cz\/index.php?rest_route=\/wp\/v2\/pages"}],"about":[{"href":"http:\/\/www.marianactm.cz\/index.php?rest_route=\/wp\/v2\/types\/page"}],"author":[{"embeddable":true,"href":"http:\/\/www.marianactm.cz\/index.php?rest_route=\/wp\/v2\/users\/1"}],"replies":[{"embeddable":true,"href":"http:\/\/www.marianactm.cz\/index.php?rest_route=%2Fwp%2Fv2%2Fcomments&post=12"}],"version-history":[{"count":26,"href":"http:\/\/www.marianactm.cz\/index.php?rest_route=\/wp\/v2\/pages\/12\/revisions"}],"predecessor-version":[{"id":188,"href":"http:\/\/www.marianactm.cz\/index.php?rest_route=\/wp\/v2\/pages\/12\/revisions\/188"}],"wp:attachment":[{"href":"http:\/\/www.marianactm.cz\/index.php?rest_route=%2Fwp%2Fv2%2Fmedia&parent=12"}],"curies":[{"name":"wp","href":"https:\/\/api.w.org\/{rel}","templated":true}]}}